{"id":31,"date":"2016-10-04T03:05:16","date_gmt":"2016-10-04T03:05:16","guid":{"rendered":"http:\/\/www.3dzbrush.com\/?page_id=31"},"modified":"2025-12-28T13:19:23","modified_gmt":"2025-12-28T13:19:23","slug":"about","status":"publish","type":"page","link":"https:\/\/www.3dzbrush.com\/index.php\/about\/","title":{"rendered":"About"},"content":{"rendered":"<div class=\"csColumn\" data-csstartpoint=\"15\" data-csendpoint=\"321\" data-cswidth=\"31.9%\" data-csid=\"4b99644d-938f-f6f9-aae5-d8bdd6fe8fd2\"><\/div>\n<div class=\"csColumnGap\"><img decoding=\"async\" src=\"http:\/\/cachve3d.com\/wp-content\/plugins\/advanced-wp-columns\/assets\/js\/plugins\/views\/img\/1x1-pixel.png\" \/><img decoding=\"async\" loading=\"lazy\" class=\"alignnone size-full wp-image-2421\" src=\"http:\/\/www.3dzbrush.com\/wp-content\/uploads\/Khac-Dieu2.jpg\" alt=\"Khac Dieu2\" width=\"1200\" height=\"900\" srcset=\"https:\/\/www.3dzbrush.com\/wp-content\/uploads\/Khac-Dieu2.jpg 1200w, https:\/\/www.3dzbrush.com\/wp-content\/uploads\/Khac-Dieu2-300x225.jpg 300w, https:\/\/www.3dzbrush.com\/wp-content\/uploads\/Khac-Dieu2-768x576.jpg 768w, https:\/\/www.3dzbrush.com\/wp-content\/uploads\/Khac-Dieu2-1024x768.jpg 1024w\" sizes=\"(max-width: 1200px) 100vw, 1200px\" \/><\/div>\n<div class=\"csColumn\" data-csstartpoint=\"335\" data-csendpoint=\"945\" data-cswidth=\"63.5%\" data-csid=\"0f16ca07-4113-b097-988d-35fddb5f68c5\">\n<h3 class=\"Body P-2\"><span class=\"C-2\">Nguy\u1ec5n Kh\u1eafc Di\u1ec7u<\/span><\/h3>\n<hr \/>\n<p class=\"Body P-3\"><span class=\"C-3\">Sinh ra \u1edf Qu\u1ea3ng Ng\u00e3i, hi\u1ec7n s\u1ed1ng v\u00e0 l\u00e0m vi\u1ec7c t\u1ea1i S\u00e0i G\u00f2n. H\u1ecdc\u00a0v\u1ebd\u00a0\u1edf tr\u01b0\u1eddng M\u1ef9 thu\u1eadt trang tr\u00ed \u0110\u1ed3ng Nai v\u00e0 tr\u01b0\u1eddng M\u1ef9 thu\u1eadt Gia \u0110\u1ecbnh. C\u00f4ng vi\u1ec7c \u0111\u00e3 l\u00e0m: 3 n\u0103m v\u1ebd ho\u1ea1t c\u1ea3nh 2D (Animator) cho h\u00e3ng phim ho\u1ea1t h\u00ecnh Ph\u00e1p, nay l\u00e0\u00a0<a class=\"C-4\" href=\"https:\/\/vimeo.com\/24159365\" data-rel=\"lightbox-video-0\" target=\"_blank\" rel=\"noopener noreferrer\">Armada TMT Studio Vietnam<\/a>, 10 n\u0103m l\u00e0m 3D (Modeler) cho h\u00e3ng game\u00a0<a class=\"C-4\" href=\"http:\/\/www.glassegg.com\/\" target=\"_blank\" rel=\"noopener noreferrer\">Glass Egg Digital Media<\/a>, 2 n\u0103m l\u00e0m 3D Animation cho c\u00f4ng ty\u00a0<a href=\"https:\/\/sailywood.wordpress.com\/home-2\/\" target=\"_blank\" rel=\"noopener\">Saillywood Films Factory<\/a>.\u00a0<\/span><\/p>\n<hr \/>\n<p class=\"Body P-3\"><span class=\"C-3\">N\u01a1i \u0111\u00e3 gi\u1ea3ng d\u1ea1y: Tr\u01b0\u1eddng \u0110\u1ea1i H\u1ecdc Hoa Sen, Trung t\u00e2m Polygon Tr\u01b0\u1eddng \u0110\u1ea1i h\u1ecdc M\u1ef9 Thu\u1eadt Tp HCM,\u00a0Trung t\u00e2m \u0111\u1ed3 h\u1ecda nami CG.<\/span><\/p>\n<p>C\u00f4ng vi\u1ec7c hi\u1ec7n t\u1ea1i: \u0110i\u00eau kh\u1eafc t\u1ea1o m\u1eabu cho in 3D v\u00e0 CNC<\/p>\n<p class=\"Body P-3\"><span class=\"C-3\">S\u1edf th\u00edch: V\u1ebd, \u0111\u00e0n guitar, l\u00e0m th\u01a1 vui vui, m\u00ea ti\u1ec3u thuy\u1ebft ki\u1ebfm hi\u1ec7p<\/span><\/p>\n<\/div>\n<div class=\"csColumn\" data-csstartpoint=\"15\" data-csendpoint=\"321\" data-cswidth=\"31.9%\" data-csid=\"4b99644d-938f-f6f9-aae5-d8bdd6fe8fd2\"><\/div>\n<div class=\"csColumnGap\"><\/div>\n<div class=\"csColumn\" data-csstartpoint=\"335\" data-csendpoint=\"945\" data-cswidth=\"63.5%\" data-csid=\"0f16ca07-4113-b097-988d-35fddb5f68c5\">\n<p class=\"Body P-3\">\n<\/div>\n","protected":false},"excerpt":{"rendered":"<p>Nguy\u1ec5n Kh\u1eafc Di\u1ec7u Sinh ra \u1edf Qu\u1ea3ng Ng\u00e3i, hi\u1ec7n s\u1ed1ng v\u00e0 l\u00e0m vi\u1ec7c t\u1ea1i S\u00e0i G\u00f2n. [&hellip;]<\/p>\n","protected":false},"author":1,"featured_media":0,"parent":0,"menu_order":0,"comment_status":"closed","ping_status":"closed","template":"","meta":[],"_links":{"self":[{"href":"https:\/\/www.3dzbrush.com\/index.php\/wp-json\/wp\/v2\/pages\/31"}],"collection":[{"href":"https:\/\/www.3dzbrush.com\/index.php\/wp-json\/wp\/v2\/pages"}],"about":[{"href":"https:\/\/www.3dzbrush.com\/index.php\/wp-json\/wp\/v2\/types\/page"}],"author":[{"embeddable":true,"href":"https:\/\/www.3dzbrush.com\/index.php\/wp-json\/wp\/v2\/users\/1"}],"replies":[{"embeddable":true,"href":"https:\/\/www.3dzbrush.com\/index.php\/wp-json\/wp\/v2\/comments?post=31"}],"version-history":[{"count":11,"href":"https:\/\/www.3dzbrush.com\/index.php\/wp-json\/wp\/v2\/pages\/31\/revisions"}],"predecessor-version":[{"id":2835,"href":"https:\/\/www.3dzbrush.com\/index.php\/wp-json\/wp\/v2\/pages\/31\/revisions\/2835"}],"wp:attachment":[{"href":"https:\/\/www.3dzbrush.com\/index.php\/wp-json\/wp\/v2\/media?parent=31"}],"curies":[{"name":"wp","href":"https:\/\/api.w.org\/{rel}","templated":true}]}}